{"id":1299,"date":"2023-10-18T05:47:05","date_gmt":"2023-10-18T05:47:05","guid":{"rendered":"https:\/\/themes.templatescoder.com\/pizzon\/wp\/demo-01\/products\/olive-salad-copy\/"},"modified":"2026-04-12T13:03:59","modified_gmt":"2026-04-12T11:03:59","slug":"green-salad","status":"publish","type":"product","link":"https:\/\/lepetitfourneau.fr\/?product=green-salad","title":{"rendered":"Tacos &#038; Frites maison"},"content":{"rendered":"<p>Galette, sauce fromag\u00e8re, tomates, oignons, poulet marin\u00e9 au curry ou boeuf cuisin\u00e9, frites \u00e0 l&#8217;int\u00e9rieur du Tacos.<\/p>\n","protected":false},"excerpt":{"rendered":"<p>Galette, sauce fromag\u00e8re, tomates, oignons, poulet marin\u00e9 au curry ou boeuf cuisin\u00e9, frites \u00e0 l&#8217;int\u00e9rieur du Tacos.<\/p>\n","protected":false},"featured_media":1612,"comment_status":"open","ping_status":"closed","template":"","meta":[],"product_brand":[],"product_cat":[37],"product_tag":[],"class_list":{"0":"post-1299","1":"product","2":"type-product","3":"status-publish","4":"has-post-thumbnail","6":"product_cat-burgers","8":"first","9":"instock","10":"shipping-taxable","11":"purchasable","12":"product-type-simple"},"_links":{"self":[{"href":"https:\/\/lepetitfourneau.fr\/index.php?rest_route=\/wp\/v2\/product\/1299","targetHints":{"allow":["GET"]}}],"collection":[{"href":"https:\/\/lepetitfourneau.fr\/index.php?rest_route=\/wp\/v2\/product"}],"about":[{"href":"https:\/\/lepetitfourneau.fr\/index.php?rest_route=\/wp\/v2\/types\/product"}],"replies":[{"embeddable":true,"href":"https:\/\/lepetitfourneau.fr\/index.php?rest_route=%2Fwp%2Fv2%2Fcomments&post=1299"}],"wp:featuredmedia":[{"embeddable":true,"href":"https:\/\/lepetitfourneau.fr\/index.php?rest_route=\/wp\/v2\/media\/1612"}],"wp:attachment":[{"href":"https:\/\/lepetitfourneau.fr\/index.php?rest_route=%2Fwp%2Fv2%2Fmedia&parent=1299"}],"wp:term":[{"taxonomy":"product_brand","embeddable":true,"href":"https:\/\/lepetitfourneau.fr\/index.php?rest_route=%2Fwp%2Fv2%2Fproduct_brand&post=1299"},{"taxonomy":"product_cat","embeddable":true,"href":"https:\/\/lepetitfourneau.fr\/index.php?rest_route=%2Fwp%2Fv2%2Fproduct_cat&post=1299"},{"taxonomy":"product_tag","embeddable":true,"href":"https:\/\/lepetitfourneau.fr\/index.php?rest_route=%2Fwp%2Fv2%2Fproduct_tag&post=1299"}],"curies":[{"name":"wp","href":"https:\/\/api.w.org\/{rel}","templated":true}]}}