{"id":1500,"date":"2024-11-27T12:54:43","date_gmt":"2024-11-27T11:54:43","guid":{"rendered":"https:\/\/demo.lepetitfourneau.fr\/?post_type=product&#038;p=1500"},"modified":"2025-12-05T20:25:33","modified_gmt":"2025-12-05T19:25:33","slug":"la-calabraise","status":"publish","type":"product","link":"https:\/\/lepetitfourneau.fr\/?product=la-calabraise","title":{"rendered":"La Calabraise"},"content":{"rendered":"<p>Sauce tomate, fromage, tomates, s\u00e9ch\u00e9es, tomates cerise semi-s\u00e9ch\u00e9es, Nduja Calabrese, burrata<\/p>\n","protected":false},"excerpt":{"rendered":"<p>Sauce tomate, fromage, tomates, s\u00e9ch\u00e9es, tomates cerise semi-s\u00e9ch\u00e9es, Nduja Calabrese, burrata<\/p>\n","protected":false},"featured_media":1597,"comment_status":"open","ping_status":"closed","template":"","meta":[],"product_brand":[],"product_cat":[48],"product_tag":[52],"class_list":{"0":"post-1500","1":"product","2":"type-product","3":"status-publish","4":"has-post-thumbnail","6":"product_cat-pizzas","7":"product_tag-spicy","9":"first","10":"instock","11":"shipping-taxable","12":"purchasable","13":"product-type-simple"},"_links":{"self":[{"href":"https:\/\/lepetitfourneau.fr\/index.php?rest_route=\/wp\/v2\/product\/1500","targetHints":{"allow":["GET"]}}],"collection":[{"href":"https:\/\/lepetitfourneau.fr\/index.php?rest_route=\/wp\/v2\/product"}],"about":[{"href":"https:\/\/lepetitfourneau.fr\/index.php?rest_route=\/wp\/v2\/types\/product"}],"replies":[{"embeddable":true,"href":"https:\/\/lepetitfourneau.fr\/index.php?rest_route=%2Fwp%2Fv2%2Fcomments&post=1500"}],"wp:featuredmedia":[{"embeddable":true,"href":"https:\/\/lepetitfourneau.fr\/index.php?rest_route=\/wp\/v2\/media\/1597"}],"wp:attachment":[{"href":"https:\/\/lepetitfourneau.fr\/index.php?rest_route=%2Fwp%2Fv2%2Fmedia&parent=1500"}],"wp:term":[{"taxonomy":"product_brand","embeddable":true,"href":"https:\/\/lepetitfourneau.fr\/index.php?rest_route=%2Fwp%2Fv2%2Fproduct_brand&post=1500"},{"taxonomy":"product_cat","embeddable":true,"href":"https:\/\/lepetitfourneau.fr\/index.php?rest_route=%2Fwp%2Fv2%2Fproduct_cat&post=1500"},{"taxonomy":"product_tag","embeddable":true,"href":"https:\/\/lepetitfourneau.fr\/index.php?rest_route=%2Fwp%2Fv2%2Fproduct_tag&post=1500"}],"curies":[{"name":"wp","href":"https:\/\/api.w.org\/{rel}","templated":true}]}}