{"id":1502,"date":"2024-11-27T13:00:34","date_gmt":"2024-11-27T12:00:34","guid":{"rendered":"https:\/\/demo.lepetitfourneau.fr\/?post_type=product&#038;p=1502"},"modified":"2026-04-06T21:43:00","modified_gmt":"2026-04-06T19:43:00","slug":"campione","status":"publish","type":"product","link":"https:\/\/lepetitfourneau.fr\/?product=campione","title":{"rendered":"Campione"},"content":{"rendered":"<p>Tomate, fromage,\u00a0 origan, oignons, poivrons, viande hach\u00e9e, oeuf, cr\u00e8me fra\u00eeche<\/p>\n","protected":false},"excerpt":{"rendered":"<p>Tomate, fromage,\u00a0 origan, oignons, poivrons, viande hach\u00e9e, oeuf, cr\u00e8me fra\u00eeche<\/p>\n","protected":false},"featured_media":1586,"comment_status":"open","ping_status":"closed","template":"","meta":[],"product_brand":[],"product_cat":[48],"product_tag":[52],"class_list":{"0":"post-1502","1":"product","2":"type-product","3":"status-publish","4":"has-post-thumbnail","6":"product_cat-pizzas","7":"product_tag-spicy","9":"first","10":"instock","11":"shipping-taxable","12":"purchasable","13":"product-type-simple"},"_links":{"self":[{"href":"https:\/\/lepetitfourneau.fr\/index.php?rest_route=\/wp\/v2\/product\/1502","targetHints":{"allow":["GET"]}}],"collection":[{"href":"https:\/\/lepetitfourneau.fr\/index.php?rest_route=\/wp\/v2\/product"}],"about":[{"href":"https:\/\/lepetitfourneau.fr\/index.php?rest_route=\/wp\/v2\/types\/product"}],"replies":[{"embeddable":true,"href":"https:\/\/lepetitfourneau.fr\/index.php?rest_route=%2Fwp%2Fv2%2Fcomments&post=1502"}],"wp:featuredmedia":[{"embeddable":true,"href":"https:\/\/lepetitfourneau.fr\/index.php?rest_route=\/wp\/v2\/media\/1586"}],"wp:attachment":[{"href":"https:\/\/lepetitfourneau.fr\/index.php?rest_route=%2Fwp%2Fv2%2Fmedia&parent=1502"}],"wp:term":[{"taxonomy":"product_brand","embeddable":true,"href":"https:\/\/lepetitfourneau.fr\/index.php?rest_route=%2Fwp%2Fv2%2Fproduct_brand&post=1502"},{"taxonomy":"product_cat","embeddable":true,"href":"https:\/\/lepetitfourneau.fr\/index.php?rest_route=%2Fwp%2Fv2%2Fproduct_cat&post=1502"},{"taxonomy":"product_tag","embeddable":true,"href":"https:\/\/lepetitfourneau.fr\/index.php?rest_route=%2Fwp%2Fv2%2Fproduct_tag&post=1502"}],"curies":[{"name":"wp","href":"https:\/\/api.w.org\/{rel}","templated":true}]}}